{"id":2039,"date":"2018-11-06T09:04:45","date_gmt":"2018-11-06T08:04:45","guid":{"rendered":"https:\/\/www.cfdconsultants.de\/?page_id=2039"},"modified":"2020-10-19T13:59:48","modified_gmt":"2020-10-19T11:59:48","slug":"network","status":"publish","type":"page","link":"https:\/\/www.cfdconsultants.de\/wp\/en\/network\/","title":{"rendered":"Network"},"content":{"rendered":"\n<style type=\"text\/css\" data-created_by=\"avia_inline_auto\" id=\"style-css-av-cckueu-fca687aae2bd20e30654f152fc4024d3\">\n.avia-section.av-cckueu-fca687aae2bd20e30654f152fc4024d3 .av-parallax .av-parallax-inner{\nbackground-repeat:no-repeat;\nbackground-image:url(https:\/\/www.cfdconsultants.de\/wp\/wp-content\/uploads\/2015\/02\/Header_Netz_be.jpg);\nbackground-position:50% 100%;\nbackground-attachment:scroll;\n}\n.avia-section.av-cckueu-fca687aae2bd20e30654f152fc4024d3 .av-section-color-overlay{\nopacity:0.7;\nbackground-color:#006ab3;\n}\n<\/style>\n<div id='av_section_1'  class='avia-section av-cckueu-fca687aae2bd20e30654f152fc4024d3 main_color avia-section-default avia-no-border-styling  avia-builder-el-0  el_before_av_one_full  avia-builder-el-first  av-parallax-section avia-bg-style-parallax av-section-color-overlay-active av-minimum-height av-minimum-height-50  container_wrap fullsize'  data-section-bg-repeat='no-repeat' data-av_minimum_height_pc='50'><div class='av-parallax' data-avia-parallax-ratio='0.3' ><div class='av-parallax-inner main_color avia-full-stretch'><\/div><\/div><div class=\"av-section-color-overlay-wrap\"><div class=\"av-section-color-overlay\"><\/div><div class='container av-section-cont-open' ><main  role=\"main\" itemprop=\"mainContentOfPage\"  class='template-page content  av-content-full alpha units'><div class='post-entry post-entry-type-page post-entry-2039'><div class='entry-content-wrapper clearfix'>\n\n<style type=\"text\/css\" data-created_by=\"avia_inline_auto\" id=\"style-css-av-alq42u-64ae499e178986abe2cd24819c953588\">\n.flex_column.av-alq42u-64ae499e178986abe2cd24819c953588{\nborder-radius:0px 0px 0px 0px;\n-webkit-border-radius:0px 0px 0px 0px;\n-moz-border-radius:0px 0px 0px 0px;\n}\n<\/style>\n<div class='flex_column av-alq42u-64ae499e178986abe2cd24819c953588 av_one_full  avia-builder-el-1  avia-builder-el-no-sibling  first flex_column_div av-zero-column-padding '   ><style type=\"text\/css\" data-created_by=\"avia_inline_auto\" id=\"style-css-av-jze7bisl-0fe91ce36ba80a02d597470b59197b50\">\n#top .av-special-heading.av-jze7bisl-0fe91ce36ba80a02d597470b59197b50{\npadding-bottom:10px;\ncolor:#ffffff;\nfont-size:40px;\n}\nbody .av-special-heading.av-jze7bisl-0fe91ce36ba80a02d597470b59197b50 .av-special-heading-tag .heading-char{\nfont-size:25px;\n}\n#top #wrap_all .av-special-heading.av-jze7bisl-0fe91ce36ba80a02d597470b59197b50 .av-special-heading-tag{\nfont-size:40px;\n}\n.av-special-heading.av-jze7bisl-0fe91ce36ba80a02d597470b59197b50 .special-heading-inner-border{\nborder-color:#ffffff;\n}\n.av-special-heading.av-jze7bisl-0fe91ce36ba80a02d597470b59197b50 .av-subheading{\nfont-size:15px;\n}\n<\/style>\n<div  class='av-special-heading av-jze7bisl-0fe91ce36ba80a02d597470b59197b50 av-special-heading-h1 custom-color-heading blockquote modern-quote modern-centered  avia-builder-el-2  avia-builder-el-no-sibling  av-thin-font av-inherit-size'><h1 class='av-special-heading-tag'  itemprop=\"headline\"  >Simulations accomplish<strong> Visions<\/strong><br \/>\nVisions guarantee <strong> knowledge<\/strong><br \/>\nKnowledge creates<strong> innovation<\/strong><\/h1><div class=\"special-heading-border\"><div class=\"special-heading-inner-border\"><\/div><\/div><\/div><\/div>\n<\/div><\/div><\/main><!-- close content main element --><\/div><\/div><\/div><div id='after_section_1'  class='main_color av_default_container_wrap container_wrap fullsize'  ><div class='container av-section-cont-open' ><div class='template-page content  av-content-full alpha units'><div class='post-entry post-entry-type-page post-entry-2039'><div class='entry-content-wrapper clearfix'>\n\n<style type=\"text\/css\" data-created_by=\"avia_inline_auto\" id=\"style-css-av-35cc06-b44b329142e14106ef714822718d2548\">\n.flex_column.av-35cc06-b44b329142e14106ef714822718d2548{\nborder-radius:0px 0px 0px 0px;\n-webkit-border-radius:0px 0px 0px 0px;\n-moz-border-radius:0px 0px 0px 0px;\n}\n<\/style>\n<div class='flex_column av-35cc06-b44b329142e14106ef714822718d2548 av_one_full  avia-builder-el-3  el_after_av_section  el_before_av_one_full  avia-builder-el-first  first flex_column_div av-zero-column-padding '   ><section  class='av_textblock_section av-66yg6u-7bff6bf5d818e8c445890480b50ade97'  itemscope=\"itemscope\" itemtype=\"https:\/\/schema.org\/CreativeWork\" ><div class='avia_textblock'  itemprop=\"text\" ><h3>PARTNERSHIPS AND COOPERATIONS<\/h3>\n<\/div><\/section><\/div>\n\n<style type=\"text\/css\" data-created_by=\"avia_inline_auto\" id=\"style-css-av-7xw6jq-57f0c73577f388bc5add27206ce58c8f\">\n.flex_column.av-7xw6jq-57f0c73577f388bc5add27206ce58c8f{\nborder-radius:0px 0px 0px 0px;\n-webkit-border-radius:0px 0px 0px 0px;\n-moz-border-radius:0px 0px 0px 0px;\n}\n<\/style>\n<div class='flex_column av-7xw6jq-57f0c73577f388bc5add27206ce58c8f av_one_full  avia-builder-el-5  el_after_av_one_full  avia-builder-el-last  first flex_column_div av-zero-column-padding column-top-margin'   ><p><section  class='av_textblock_section av-24m3p2-f06cca03596f91d9b3ea1d3ba89bd539'  itemscope=\"itemscope\" itemtype=\"https:\/\/schema.org\/CreativeWork\" ><div class='avia_textblock'  itemprop=\"text\" ><p>Visualization and data analysis<strong><br \/>\n<\/strong><a href=\"http:\/\/www.ilight.com\/en\/\" target=\"_blank\" rel=\"noopener noreferrer\">Intelligent Light<\/a><\/p>\n<\/div><\/section><br \/>\n<section  class='av_textblock_section av-24m3p2-d34b9bdebf3ec015fdbd1943303247b4'  itemscope=\"itemscope\" itemtype=\"https:\/\/schema.org\/CreativeWork\" ><div class='avia_textblock'  itemprop=\"text\" ><p>Academic Cooperation<strong> <a href=\"https:\/\/www.mv.uni-kl.de\/sam\/\" target=\"_blank\" rel=\"noopener noreferrer\"><img loading=\"lazy\" class=\"alignright wp-image-3614\" src=\"https:\/\/www.cfdconsultants.de\/wp-content\/uploads\/2019\/09\/Logo_SAM-Kaiserslautern-1.jpg\" alt=\"\" width=\"81\" height=\"77\" \/><\/a><br \/>\n<\/strong><a href=\"https:\/\/www.mv.uni-kl.de\/sam\/lehrstuhl\/aktuelle-mitarbeiter\/prof-dr-ing-martin-boehle\/\" target=\"_blank\" rel=\"noopener noreferrer\">Prof. Dr.-Ing. Martin B\u00f6hle<\/a>,<a href=\"https:\/\/www.mv.uni-kl.de\/sam\/\" target=\"_blank\" rel=\"noopener noreferrer\"><img loading=\"lazy\" class=\"alignright wp-image-3628 size-full\" src=\"https:\/\/www.cfdconsultants.de\/wp-content\/uploads\/2019\/09\/Logo_TU-Kaiserslautern-1.jpg\" alt=\"\" width=\"190\" height=\"44\" \/><\/a><br \/>\n<a href=\"https:\/\/www.mv.uni-kl.de\/sam\/\" target=\"_blank\" rel=\"noopener noreferrer\">Lehrstuhl f\u00fcr Str\u00f6mungsmechanik und Str\u00f6mungsmaschinen,<br \/>\nUniversit\u00e4t Kaiserslautern<\/a><\/p>\n<\/div><\/section><br \/>\n<section  class='av_textblock_section av-24m3p2-d34b9bdebf3ec015fdbd1943303247b4'  itemscope=\"itemscope\" itemtype=\"https:\/\/schema.org\/CreativeWork\" ><div class='avia_textblock'  itemprop=\"text\" ><p><a href=\"https:\/\/simerics.de\/\" target=\"_blank\" rel=\"noopener noreferrer\"><img loading=\"lazy\" class=\"alignright wp-image-4213 size-full\" src=\"https:\/\/www.cfdconsultants.de\/wp-content\/uploads\/2020\/01\/L_Simerics_GmbH-3.png\" alt=\"Simerics GmbH\" width=\"307\" height=\"82\" srcset=\"https:\/\/www.cfdconsultants.de\/wp\/wp-content\/uploads\/2020\/01\/L_Simerics_GmbH-3.png 307w, https:\/\/www.cfdconsultants.de\/wp\/wp-content\/uploads\/2020\/01\/L_Simerics_GmbH-3-300x80.png 300w\" sizes=\"(max-width: 307px) 100vw, 307px\" \/><\/a><\/p>\n<p>CFD Software Partner<br \/>\n<a href=\"https:\/\/simerics.de\/\">Simerics GmbH<\/a><\/p>\n<\/div><\/section><br \/>\n<section  class='av_textblock_section av-24m3p2-d34b9bdebf3ec015fdbd1943303247b4'  itemscope=\"itemscope\" itemtype=\"https:\/\/schema.org\/CreativeWork\" ><div class='avia_textblock'  itemprop=\"text\" ><p>Subsidiary Company<a href=\"http:\/\/iviation.de\" target=\"_blank\" rel=\"noopener noreferrer\"><img loading=\"lazy\" class=\"alignright wp-image-3618\" src=\"https:\/\/www.cfdconsultants.de\/wp-content\/uploads\/2019\/09\/Logo_iViation-300x174.jpg\" alt=\"\" width=\"138\" height=\"80\" srcset=\"https:\/\/www.cfdconsultants.de\/wp\/wp-content\/uploads\/2019\/09\/Logo_iViation-300x174.jpg 300w, https:\/\/www.cfdconsultants.de\/wp\/wp-content\/uploads\/2019\/09\/Logo_iViation.jpg 448w\" sizes=\"(max-width: 138px) 100vw, 138px\" \/><\/a><br \/>\n<a href=\"http:\/\/iviation.de\" target=\"_blank\" rel=\"noopener noreferrer\">iViation GmbH<\/a><\/p>\n<\/div><\/section><br \/>\n<section  class='av_textblock_section av-24m3p2-d34b9bdebf3ec015fdbd1943303247b4'  itemscope=\"itemscope\" itemtype=\"https:\/\/schema.org\/CreativeWork\" ><div class='avia_textblock'  itemprop=\"text\" ><p>Aerodynamics<a href=\"https:\/\/www.cfdconsultants.de\/en\/airshaper\/\" target=\"_blank\" rel=\"noopener noreferrer\"><img loading=\"lazy\" class=\"alignright wp-image-3626 size-full\" src=\"https:\/\/www.cfdconsultants.de\/wp-content\/uploads\/2019\/09\/Logo_Air_Shaper.jpg\" alt=\"\" width=\"228\" height=\"65\" \/><\/a><br \/>\n<a href=\"https:\/\/www.cfdconsultants.de\/en\/airshaper\/\" target=\"_blank\" rel=\"noopener noreferrer\">AirShaper<\/a><\/p>\n<\/div><\/section><br \/>\n<section  class='av_textblock_section av-24m3p2-d34b9bdebf3ec015fdbd1943303247b4'  itemscope=\"itemscope\" itemtype=\"https:\/\/schema.org\/CreativeWork\" ><div class='avia_textblock'  itemprop=\"text\" ><p style=\"text-align: left;\">Boeing 777 Flight simulator<strong><br \/>\n<\/strong><a href=\"https:\/\/www.cfdconsultants.de\/en\/flight-simulator\/\" target=\"_blank\" rel=\"noopener noreferrer\">Flight simulator <\/a><a href=\"https:\/\/www.cfdconsultants.de\/en\/flight-simulator\/\" target=\"_blank\" rel=\"noopener noreferrer\"><img loading=\"lazy\" class=\"alignright wp-image-3622 size-medium\" src=\"https:\/\/www.cfdconsultants.de\/wp-content\/uploads\/2019\/09\/Logo_Simulatorfliegen-300x40.png\" alt=\"\" width=\"300\" height=\"40\" srcset=\"https:\/\/www.cfdconsultants.de\/wp\/wp-content\/uploads\/2019\/09\/Logo_Simulatorfliegen-300x40.png 300w, https:\/\/www.cfdconsultants.de\/wp\/wp-content\/uploads\/2019\/09\/Logo_Simulatorfliegen-450x60.png 450w, https:\/\/www.cfdconsultants.de\/wp\/wp-content\/uploads\/2019\/09\/Logo_Simulatorfliegen.png 601w\" sizes=\"(max-width: 300px) 100vw, 300px\" \/><\/a><br \/>\n<a href=\"https:\/\/www.cfdconsultants.de\/en\/flight-simulator-events\/\">Events<\/a><\/p>\n<\/div><\/section><br \/>\n<section  class='av_textblock_section av-24m3p2-d34b9bdebf3ec015fdbd1943303247b4'  itemscope=\"itemscope\" itemtype=\"https:\/\/schema.org\/CreativeWork\" ><div class='avia_textblock'  itemprop=\"text\" ><p><strong><a href=\"http:\/\/www.sattlerundpartner.de\/\" target=\"_blank\" rel=\"noopener noreferrer\"><img loading=\"lazy\" class=\"alignright wp-image-3654\" src=\"https:\/\/www.cfdconsultants.de\/wp-content\/uploads\/2019\/09\/Logo_Sattler-und-Partner-2.jpg\" alt=\"\" width=\"142\" height=\"120\" \/><\/a><\/strong><\/p>\n<p>Project Development<strong><br \/>\n<\/strong><a href=\"http:\/\/www.sattlerundpartner.de\/\" target=\"_blank\" rel=\"noopener noreferrer\">Sattler &amp; Partner AG<\/a><\/p>\n<\/div><\/section><br \/>\n<section  class='av_textblock_section av-24m3p2-f06cca03596f91d9b3ea1d3ba89bd539'  itemscope=\"itemscope\" itemtype=\"https:\/\/schema.org\/CreativeWork\" ><div class='avia_textblock'  itemprop=\"text\" ><p><br class=\"avia-permanent-lb\" \/><a href=\"https:\/\/www.bvmw.de\/\"><img loading=\"lazy\" class=\"alignright wp-image-4815\" src=\"https:\/\/www.cfdconsultants.de\/wp-content\/uploads\/2020\/08\/BVMW-Mitglied-positiv.jpg\" alt=\"\" width=\"161\" height=\"81\" srcset=\"https:\/\/www.cfdconsultants.de\/wp\/wp-content\/uploads\/2020\/08\/BVMW-Mitglied-positiv.jpg 644w, https:\/\/www.cfdconsultants.de\/wp\/wp-content\/uploads\/2020\/08\/BVMW-Mitglied-positiv-300x151.jpg 300w\" sizes=\"(max-width: 161px) 100vw, 161px\" \/><\/a><\/p>\n<p>Entrepreneur Association<strong><br \/>\n<\/strong><a href=\"https:\/\/www.bvmw.de\/\" target=\"_blank\" rel=\"noopener noreferrer\">Bundesverband mittelst\u00e4ndische Wirtschaft<\/a><\/p>\n<\/div><\/section><\/p><\/div>\n","protected":false},"excerpt":{"rendered":"","protected":false},"author":1,"featured_media":0,"parent":0,"menu_order":3,"comment_status":"open","ping_status":"closed","template":"","meta":[],"_links":{"self":[{"href":"https:\/\/www.cfdconsultants.de\/wp\/en\/wp-json\/wp\/v2\/pages\/2039"}],"collection":[{"href":"https:\/\/www.cfdconsultants.de\/wp\/en\/wp-json\/wp\/v2\/pages"}],"about":[{"href":"https:\/\/www.cfdconsultants.de\/wp\/en\/wp-json\/wp\/v2\/types\/page"}],"author":[{"embeddable":true,"href":"https:\/\/www.cfdconsultants.de\/wp\/en\/wp-json\/wp\/v2\/users\/1"}],"replies":[{"embeddable":true,"href":"https:\/\/www.cfdconsultants.de\/wp\/en\/wp-json\/wp\/v2\/comments?post=2039"}],"version-history":[{"count":31,"href":"https:\/\/www.cfdconsultants.de\/wp\/en\/wp-json\/wp\/v2\/pages\/2039\/revisions"}],"predecessor-version":[{"id":4946,"href":"https:\/\/www.cfdconsultants.de\/wp\/en\/wp-json\/wp\/v2\/pages\/2039\/revisions\/4946"}],"wp:attachment":[{"href":"https:\/\/www.cfdconsultants.de\/wp\/en\/wp-json\/wp\/v2\/media?parent=2039"}],"curies":[{"name":"wp","href":"https:\/\/api.w.org\/{rel}","templated":true}]}}