{"id":1119,"date":"2016-03-04T09:21:04","date_gmt":"2016-03-04T08:21:04","guid":{"rendered":"http:\/\/www.flowsolver.com\/?page_id=1119"},"modified":"2025-12-02T15:44:50","modified_gmt":"2025-12-02T14:44:50","slug":"unternehmen","status":"publish","type":"page","link":"https:\/\/www.cfdconsultants.de\/wp\/unternehmen\/","title":{"rendered":"\u00dcber uns"},"content":{"rendered":"\n<style type=\"text\/css\" data-created_by=\"avia_inline_auto\" id=\"style-css-av-y29oov-82247ddfd47225248b4c7a58dce0c806\">\n.avia-section.av-y29oov-82247ddfd47225248b4c7a58dce0c806 .av-parallax .av-parallax-inner{\nbackground-repeat:no-repeat;\nbackground-image:url(https:\/\/www.cfdconsultants.de\/wp\/wp-content\/uploads\/2020\/11\/Diskussion_100_cut1c.jpg);\nbackground-position:50% 100%;\nbackground-attachment:scroll;\n}\n.avia-section.av-y29oov-82247ddfd47225248b4c7a58dce0c806 .av-section-color-overlay{\nopacity:0.8;\nbackground-color:#006ab3;\n}\n<\/style>\n<div id='av_section_1'  class='avia-section av-y29oov-82247ddfd47225248b4c7a58dce0c806 main_color avia-section-default avia-no-border-styling  avia-builder-el-0  el_before_av_section  avia-builder-el-first  av-parallax-section avia-bg-style-parallax av-section-color-overlay-active av-minimum-height av-minimum-height-50  container_wrap fullsize'  data-section-bg-repeat='no-repeat' data-av_minimum_height_pc='50'><div class='av-parallax' data-avia-parallax-ratio='0.3' ><div class='av-parallax-inner main_color avia-full-stretch'><\/div><\/div><div class=\"av-section-color-overlay-wrap\"><div class=\"av-section-color-overlay\"><\/div><div class='container av-section-cont-open' ><main  role=\"main\" itemprop=\"mainContentOfPage\"  class='template-page content  av-content-full alpha units'><div class='post-entry post-entry-type-page post-entry-1119'><div class='entry-content-wrapper clearfix'>\n\n<style type=\"text\/css\" data-created_by=\"avia_inline_auto\" id=\"style-css-av-wym7sv-3ea393d1e560f3f708b4ca4ba9bdf1af\">\n.flex_column.av-wym7sv-3ea393d1e560f3f708b4ca4ba9bdf1af{\nborder-radius:0px 0px 0px 0px;\n-webkit-border-radius:0px 0px 0px 0px;\n-moz-border-radius:0px 0px 0px 0px;\n}\n<\/style>\n<div class='flex_column av-wym7sv-3ea393d1e560f3f708b4ca4ba9bdf1af av_one_full  avia-builder-el-1  avia-builder-el-no-sibling  first flex_column_div av-zero-column-padding '   ><style type=\"text\/css\" data-created_by=\"avia_inline_auto\" id=\"style-css-av-uh4c5b-ce4c8f31f6b094d18b13560475c00c64\">\n#top .av-special-heading.av-uh4c5b-ce4c8f31f6b094d18b13560475c00c64{\npadding-bottom:10px;\ncolor:#ffffff;\nfont-size:40px;\n}\nbody .av-special-heading.av-uh4c5b-ce4c8f31f6b094d18b13560475c00c64 .av-special-heading-tag .heading-char{\nfont-size:25px;\n}\n#top #wrap_all .av-special-heading.av-uh4c5b-ce4c8f31f6b094d18b13560475c00c64 .av-special-heading-tag{\nfont-size:40px;\n}\n.av-special-heading.av-uh4c5b-ce4c8f31f6b094d18b13560475c00c64 .special-heading-inner-border{\nborder-color:#ffffff;\n}\n.av-special-heading.av-uh4c5b-ce4c8f31f6b094d18b13560475c00c64 .av-subheading{\nfont-size:15px;\n}\n<\/style>\n<div  class='av-special-heading av-uh4c5b-ce4c8f31f6b094d18b13560475c00c64 av-special-heading-h1 custom-color-heading blockquote modern-quote modern-centered  avia-builder-el-2  avia-builder-el-no-sibling  av-thin-font av-inherit-size'><h1 class='av-special-heading-tag'  itemprop=\"headline\"  >Simulation liefert <strong>Einblick <\/strong><br \/>\nEinblick schafft <strong>Wissen<\/strong><br \/>\nWissen erzeugt <strong>Innovation<\/strong><\/h1><div class=\"special-heading-border\"><div class=\"special-heading-inner-border\"><\/div><\/div><\/div><\/div>\n\n<\/div><\/div><\/main><!-- close content main element --><\/div><\/div><\/div><div id='av_section_2'  class='avia-section av-crb1z-c940571e7c6dc3993be4a5178ac72dbb main_color avia-section-default avia-no-border-styling  avia-builder-el-3  el_after_av_section  el_before_av_section  avia-bg-style-scroll container_wrap fullsize'  ><div class='container av-section-cont-open' ><div class='template-page content  av-content-full alpha units'><div class='post-entry post-entry-type-page post-entry-1119'><div class='entry-content-wrapper clearfix'>\n\n<style type=\"text\/css\" data-created_by=\"avia_inline_auto\" id=\"style-css-av-ccfk7-7d920bc5ad6a8c6e40c9f2c967d1bc01\">\n.flex_column.av-ccfk7-7d920bc5ad6a8c6e40c9f2c967d1bc01{\nborder-radius:0px 0px 0px 0px;\n-webkit-border-radius:0px 0px 0px 0px;\n-moz-border-radius:0px 0px 0px 0px;\n}\n<\/style>\n<div class='flex_column av-ccfk7-7d920bc5ad6a8c6e40c9f2c967d1bc01 av_one_full  avia-builder-el-4  avia-builder-el-no-sibling  first flex_column_div av-zero-column-padding '   ><section  class='av_textblock_section av-30xyx3-e10400f53e0ac0e5bfe79650b36b3d49'  itemscope=\"itemscope\" itemtype=\"https:\/\/schema.org\/CreativeWork\" ><div class='avia_textblock'  itemprop=\"text\" ><p>Die CFD Consultants GmbH besteht aus einem Team sehr erfahrener und kreativer Ingenieure. Wir bieten <strong>Dienstleistungen rund um die numerische Str\u00f6mungsmechanik<\/strong> an.<\/p>\n<ul>\n<li>Entwicklung von <a href=\"https:\/\/www.cfdconsultants.de\/leistungen\/l-berechnungsmodelle\/?iframe=true\"><strong>CFD-Berechnungsmodellen<\/strong><\/a><\/li>\n<li><strong><a href=\"https:\/\/www.cfdconsultants.de\/leistungen\/l-cfd\/?iframe=true\">Str\u00f6mungsanalysen<\/a>\u00a0<\/strong>mit modernsten Software-Werkzeugen<\/li>\n<li><strong><a href=\"https:\/\/www.cfdconsultants.de\/leistungen\/l-technologieberatung\/?iframe=true\">Technologieberatung<\/a>\u00a0<\/strong>mit langj\u00e4hrigem branchen\u00fcbergreifenden Hintergrund, Unterst\u00fctzung im Aufbau von CFD-Abteilungen<\/li>\n<\/ul>\n<p>Wir sind seit 1998 am Markt t\u00e4tig und verf\u00fcgen \u00fcber ein umfangreiches Wissen in der Bearbeitung von Industrieprojekten. Hierdurch sind wir in der Lage, Ihre Aufgabenstellung durch den gezielten Einsatz der richtigen Werkzeuge effektiv zu bearbeiten.<\/p>\n<p>Wir analysieren nicht nur Ihre Str\u00f6mung, vielmehr binden wir hochmoderne CFD-Methodik in Ihre Entwicklungsprozesse ein. Zur Bearbeitung Ihrer Projekte nutzen wir leistungsf\u00e4hige Hardware wie unseren hauseigenen Linux-Cluster. Rechenintensive Anwendungen bearbeiten wir auf einem der schnellsten Supercomputer der Welt am Stuttgarter H\u00f6chstleistungsrechenzentrum (HLRS).<\/p>\n<p>Durch unser Netzwerk von Partnern aus Industrie und Forschung verstehen wir es, Sie bis hin zur Projektfinanzierung umfassend bei der Entwicklung marktgerechter Produkte f\u00fcr Ihren Endkunden zu unterst\u00fctzen.<\/p>\n<\/div><\/section><\/div>\n\n<\/div><\/div><\/div><!-- close content main div --><\/div><\/div>\n<style type=\"text\/css\" data-created_by=\"avia_inline_auto\" id=\"style-css-av-tdd833-f4eea6095954d35e03f1174e53e43687\">\n.avia-section.av-tdd833-f4eea6095954d35e03f1174e53e43687{\nmargin-top:-20px;\nmargin-bottom:-20px;\n}\n<\/style>\n<div id='values'  class='avia-section av-tdd833-f4eea6095954d35e03f1174e53e43687 main_color avia-section-huge avia-no-border-styling  avia-builder-el-6  el_after_av_section  el_before_av_section  av-desktop-hide av-medium-hide av-small-hide av-mini-hide avia-bg-style-scroll container_wrap fullsize'  ><div class='container av-section-cont-open' ><div class='template-page content  av-content-full alpha units'><div class='post-entry post-entry-type-page post-entry-1119'><div class='entry-content-wrapper clearfix'>\n\n<style type=\"text\/css\" data-created_by=\"avia_inline_auto\" id=\"style-css-av-nqp9rj-715c313906ef0483aa8bce7dcf36da49\">\n.flex_column.av-nqp9rj-715c313906ef0483aa8bce7dcf36da49{\nborder-radius:0px 0px 0px 0px;\n-webkit-border-radius:0px 0px 0px 0px;\n-moz-border-radius:0px 0px 0px 0px;\n}\n<\/style>\n<div class='flex_column av-nqp9rj-715c313906ef0483aa8bce7dcf36da49 av_one_full  avia-builder-el-7  el_before_av_hr  avia-builder-el-first  first flex_column_div av-zero-column-padding '   ><section  class='av_textblock_section av-lowt1r-ee063e9c3ac1803395d24eecf11d74a2'  itemscope=\"itemscope\" itemtype=\"https:\/\/schema.org\/CreativeWork\" ><div class='avia_textblock'  itemprop=\"text\" ><h3>WIE WIR ARBEITEN<\/h3>\n<p>Die CFD Consultants GmbH bietet viele <strong>Dienstleistungen rund um die numerische Str\u00f6mungsmechanik<\/strong> an.<\/p>\n<p>Unsere <strong>leistungsstarke Hard- und Software<\/strong> gew\u00e4hrleistet eine schnelle und effiziente Bearbeitung Ihrer Projekte.<\/p>\n<p>Wir verwenden die Softwaretools ANSYS-CFX, ANSYS-Fluent, FLOW-3D, OpenFOAM, PumpLinx, STAR-CCM+ auf leistungsf\u00e4higer Hardware wie unseren hauseigenen Linux-Cluster. Zudem besitzen wir die M\u00f6glichkeit verschiedene Ressourcen des Stuttgarter Hochleistungsrechenzentrums (HLRS) zu nutzen.<\/p>\n<p>Neueste und innovative Ans\u00e4tze bieten wir Ihnen durch unsere <strong>vielseitigen akademischen Vernetzungen.<br \/>\n<\/strong>F\u00fcr Ihre Analysen stehen unsere kreativen und <strong>sehr erfahrenen Ingenieure<\/strong> zur Verfu\u0308gung. Unser <strong>branchenu\u0308bergreifendes<\/strong> Know-how gew\u00e4hrleistet Ihnen den \u201eBlick u\u0308ber den Tellerrand\u201c.<\/p>\n<p>F\u00fcr L\u00f6sungen au\u00dferhalb unseres Kerngebietes vermitteln wie Sie gerne an unsere <strong>industriellen Partner<\/strong>.<\/p>\n<\/div><\/section><\/div>\n<style type=\"text\/css\" data-created_by=\"avia_inline_auto\" id=\"style-css-av-knqabj-becbeeee0ca23aef2204375f00122f98\">\n#top .hr.hr-invisible.av-knqabj-becbeeee0ca23aef2204375f00122f98{\nmargin-top:-25px;\nheight:1px;\n}\n<\/style>\n<div  class='hr av-knqabj-becbeeee0ca23aef2204375f00122f98 hr-invisible  avia-builder-el-9  el_after_av_one_full  avia-builder-el-last '><span class='hr-inner '><span class=\"hr-inner-style\"><\/span><\/span><\/div>\n\n<\/div><\/div><\/div><!-- close content main div --><\/div><\/div>\n<style type=\"text\/css\" data-created_by=\"avia_inline_auto\" id=\"style-css-av-1wmdz3-397dd439948e7dd28ccdddda594933a4\">\n.avia-section.av-1wmdz3-397dd439948e7dd28ccdddda594933a4 .av-parallax .av-parallax-inner{\nbackground-repeat:no-repeat;\nbackground-image:url(https:\/\/www.cfdconsultants.de\/wp\/wp-content\/uploads\/2020\/11\/Header_Netz_ben.jpg);\nbackground-position:50% 50%;\nbackground-attachment:scroll;\n}\n.avia-section.av-1wmdz3-397dd439948e7dd28ccdddda594933a4 .av-section-color-overlay{\nopacity:0.8;\nbackground-color:#006bb3;\n}\n<\/style>\n<div id='av_section_4'  class='avia-section av-1wmdz3-397dd439948e7dd28ccdddda594933a4 main_color avia-section-large avia-shadow  avia-builder-el-10  el_after_av_section  el_before_av_two_third  av-parallax-section avia-bg-style-parallax av-section-color-overlay-active av-minimum-height av-minimum-height-50  container_wrap fullsize'  data-section-bg-repeat='no-repeat' data-av_minimum_height_pc='50'><div class='av-parallax' data-avia-parallax-ratio='0.3' ><div class='av-parallax-inner main_color avia-full-stretch'><\/div><\/div><div class=\"av-section-color-overlay-wrap\"><div class=\"av-section-color-overlay\"><\/div><div class='container av-section-cont-open' ><div class='template-page content  av-content-full alpha units'><div class='post-entry post-entry-type-page post-entry-1119'><div class='entry-content-wrapper clearfix'>\n\n<style type=\"text\/css\" data-created_by=\"avia_inline_auto\" id=\"style-css-av-28741r-cc9a9c18bec2d5cabbcfe50ceb31c405\">\n#top .av-special-heading.av-28741r-cc9a9c18bec2d5cabbcfe50ceb31c405{\npadding-bottom:10px;\ncolor:#ffffff;\nfont-size:30px;\n}\nbody .av-special-heading.av-28741r-cc9a9c18bec2d5cabbcfe50ceb31c405 .av-special-heading-tag .heading-char{\nfont-size:25px;\n}\n#top #wrap_all .av-special-heading.av-28741r-cc9a9c18bec2d5cabbcfe50ceb31c405 .av-special-heading-tag{\nfont-size:30px;\n}\n.av-special-heading.av-28741r-cc9a9c18bec2d5cabbcfe50ceb31c405 .special-heading-inner-border{\nborder-color:#ffffff;\n}\n.av-special-heading.av-28741r-cc9a9c18bec2d5cabbcfe50ceb31c405 .av-subheading{\nfont-size:15px;\n}\n<\/style>\n<div  class='av-special-heading av-28741r-cc9a9c18bec2d5cabbcfe50ceb31c405 av-special-heading-h2 custom-color-heading blockquote modern-quote modern-centered  avia-builder-el-11  el_before_av_hr  avia-builder-el-first  av-thin-font av-inherit-size'><h2 class='av-special-heading-tag'  itemprop=\"headline\"  >CFD Consultants \u2013 <strong>ADVANCING TECHNOLOGY<\/strong><br \/>\n<\/h2><div class=\"special-heading-border\"><div class=\"special-heading-inner-border\"><\/div><\/div><\/div>\n\n<style type=\"text\/css\" data-created_by=\"avia_inline_auto\" id=\"style-css-av-1ly33j-25cf306364e1401a8a112a57e3384be8\">\n#top .hr.hr-invisible.av-1ly33j-25cf306364e1401a8a112a57e3384be8{\nheight:50px;\n}\n<\/style>\n<div  class='hr av-1ly33j-25cf306364e1401a8a112a57e3384be8 hr-invisible  avia-builder-el-12  el_after_av_heading  el_before_av_one_fifth '><span class='hr-inner '><span class=\"hr-inner-style\"><\/span><\/span><\/div>\n\n<style type=\"text\/css\" data-created_by=\"avia_inline_auto\" id=\"style-css-av-1c8yfb-eace33930bdc976d195a768b4eb9b586\">\n.flex_column.av-1c8yfb-eace33930bdc976d195a768b4eb9b586{\nborder-radius:0px 0px 0px 0px;\n-webkit-border-radius:0px 0px 0px 0px;\n-moz-border-radius:0px 0px 0px 0px;\n}\n<\/style>\n<div class='flex_column av-1c8yfb-eace33930bdc976d195a768b4eb9b586 av_one_fifth  avia-builder-el-13  el_after_av_hr  el_before_av_one_fifth  first flex_column_div av-zero-column-padding '   ><\/div>\n<style type=\"text\/css\" data-created_by=\"avia_inline_auto\" id=\"style-css-av-17za0n-f22845bc85ead99bc0b26ceb889d3b9d\">\n.flex_column.av-17za0n-f22845bc85ead99bc0b26ceb889d3b9d{\nborder-radius:0px 0px 0px 0px;\n-webkit-border-radius:0px 0px 0px 0px;\n-moz-border-radius:0px 0px 0px 0px;\n}\n<\/style>\n<div class='flex_column av-17za0n-f22845bc85ead99bc0b26ceb889d3b9d av_one_fifth  avia-builder-el-14  el_after_av_one_fifth  el_before_av_one_fifth  flex_column_div av-zero-column-padding '   ><style type=\"text\/css\" data-created_by=\"avia_inline_auto\" id=\"style-css-av-44xfz-35ef52e74af6df72d7e56f1bdae90550\">\n#top .avia-animated-number.av-44xfz-35ef52e74af6df72d7e56f1bdae90550 .avia-animated-number-title{\nfont-size:64px;\ncolor:#ff8c00;\n}\n<\/style>\n<div  class=\"avia-animated-number av-44xfz-35ef52e74af6df72d7e56f1bdae90550 av-force-default-color avia_animate_when_visible  avia-builder-el-15  avia-builder-el-no-sibling  avia-color-font-custom \" data-timer=\"3000\"><strong class=\"heading avia-animated-number-title\"><span class=\"avia-single-number __av-single-number\" data-number_format=\"\" data-number=\"22\" data-start_from=\"0\">22<\/span><\/strong><div class=\"avia-animated-number-content\"><p>Jahre am Markt<\/p>\n<\/div><\/div><\/div>\n<style type=\"text\/css\" data-created_by=\"avia_inline_auto\" id=\"style-css-av-y9odb-f9940ad6f8b42ebd002550caea1cf3a0\">\n.flex_column.av-y9odb-f9940ad6f8b42ebd002550caea1cf3a0{\nborder-radius:0px 0px 0px 0px;\n-webkit-border-radius:0px 0px 0px 0px;\n-moz-border-radius:0px 0px 0px 0px;\n}\n<\/style>\n<div class='flex_column av-y9odb-f9940ad6f8b42ebd002550caea1cf3a0 av_one_fifth  avia-builder-el-16  el_after_av_one_fifth  el_before_av_one_fifth  flex_column_div av-zero-column-padding '   ><style type=\"text\/css\" data-created_by=\"avia_inline_auto\" id=\"style-css-av-t5rzz-7a1736238355a289d8dcdd83d952f4be\">\n#top .avia-animated-number.av-t5rzz-7a1736238355a289d8dcdd83d952f4be .avia-animated-number-title{\nfont-size:64px;\ncolor:#ff8c00;\n}\n<\/style>\n<div  class=\"avia-animated-number av-t5rzz-7a1736238355a289d8dcdd83d952f4be av-force-default-color avia_animate_when_visible  avia-builder-el-17  avia-builder-el-no-sibling  avia-color-font-custom \" data-timer=\"3000\"><strong class=\"heading avia-animated-number-title\"><span class=\"avia-single-number __av-single-number\" data-number_format=\"\" data-number=\"750\" data-start_from=\"0\">750<\/span><span class=\"avia-no-number\"> +<\/span><\/strong><div class=\"avia-animated-number-content\"><p>abgeschlossene Projekte<\/p>\n<\/div><\/div><\/div>\n<style type=\"text\/css\" data-created_by=\"avia_inline_auto\" id=\"style-css-av-iyziv-96b166f69c86e47dfb234069923933dd\">\n.flex_column.av-iyziv-96b166f69c86e47dfb234069923933dd{\nborder-radius:0px 0px 0px 0px;\n-webkit-border-radius:0px 0px 0px 0px;\n-moz-border-radius:0px 0px 0px 0px;\n}\n<\/style>\n<div class='flex_column av-iyziv-96b166f69c86e47dfb234069923933dd av_one_fifth  avia-builder-el-18  el_after_av_one_fifth  el_before_av_one_fifth  flex_column_div av-zero-column-padding '   ><style type=\"text\/css\" data-created_by=\"avia_inline_auto\" id=\"style-css-av-ggfhr-b8fc867a82b7561314cc9f75e37641d6\">\n#top .avia-animated-number.av-ggfhr-b8fc867a82b7561314cc9f75e37641d6 .avia-animated-number-title{\nfont-size:64px;\ncolor:#ff8c00;\n}\n<\/style>\n<div  class=\"avia-animated-number av-ggfhr-b8fc867a82b7561314cc9f75e37641d6 av-force-default-color avia_animate_when_visible  avia-builder-el-19  avia-builder-el-no-sibling  avia-color-font-custom \" data-timer=\"3000\"><strong class=\"heading avia-animated-number-title\"><span class=\"avia-single-number __av-single-number\" data-number_format=\"\" data-number=\"150\" data-start_from=\"0\">150<\/span><span class=\"avia-no-number\"> +<\/span><\/strong><div class=\"avia-animated-number-content\"><p>zufriedene Kunden<\/p>\n<\/div><\/div><\/div>\n<style type=\"text\/css\" data-created_by=\"avia_inline_auto\" id=\"style-css-av-9qbfz-c6ad2971a9bbb5525ce107ea1fa08f23\">\n.flex_column.av-9qbfz-c6ad2971a9bbb5525ce107ea1fa08f23{\nborder-radius:0px 0px 0px 0px;\n-webkit-border-radius:0px 0px 0px 0px;\n-moz-border-radius:0px 0px 0px 0px;\n}\n<\/style>\n<div class='flex_column av-9qbfz-c6ad2971a9bbb5525ce107ea1fa08f23 av_one_fifth  avia-builder-el-20  el_after_av_one_fifth  avia-builder-el-last  flex_column_div av-zero-column-padding '   ><\/div>\n<\/div><\/div><\/div><!-- close content main div --><\/div><\/div><\/div><div id='after_section_4'  class='main_color av_default_container_wrap container_wrap fullsize'  ><div class='container av-section-cont-open' ><div class='template-page content  av-content-full alpha units'><div class='post-entry post-entry-type-page post-entry-1119'><div class='entry-content-wrapper clearfix'>\n\n<style type=\"text\/css\" data-created_by=\"avia_inline_auto\" id=\"style-css-av-1w0sq7-490bf7b6401a01c117995bb73811c0db\">\n.flex_column.av-1w0sq7-490bf7b6401a01c117995bb73811c0db{\nborder-radius:0px 0px 0px 0px;\n-webkit-border-radius:0px 0px 0px 0px;\n-moz-border-radius:0px 0px 0px 0px;\n}\n<\/style>\n<div class='flex_column av-1w0sq7-490bf7b6401a01c117995bb73811c0db av_two_third  avia-builder-el-21  el_after_av_section  avia-builder-el-no-sibling  first flex_column_div av-zero-column-padding '   ><p><div   data-autoplay='true'  data-interval='5'  data-animation='slide'  data-show_slide_delay='30'  class='avia-content-slider-element-container av-hsf5fj-165504a162f4fefd1e76a2c46d45416c avia-content-slider-element-slider avia-content-slider avia-smallarrow-slider avia-content-slider-active avia-content-slider-even  avia-builder-el-22  el_before_av_content_slider  avia-builder-el-first  avia-content-slider1'><div class='avia-smallarrow-slider-heading '><div class='new-special-heading'><h3 class=''>UNSER TEAM<\/h3><\/div><\/div><div class=\"avia-content-slider-inner\"><div class=\"slide-entry-wrap\"><section class='slide-entry av-1x23bj-950fc6105791bfb0e096fdcc180eefa1 flex_column av_one_half post-entry slide-entry-overview slide-loop-1 slide-parity-odd  first'  itemscope=\"itemscope\" itemtype=\"https:\/\/schema.org\/CreativeWork\" ><h3 class='slide-entry-title entry-title '  itemprop=\"headline\" >Dr. Volker Kassera <\/h3><div class='slide-entry-excerpt entry-content'  itemprop=\"text\" ><p><img loading=\"lazy\" class=\"alignnone wp-image-5021 size-full\" src=\"https:\/\/www.cfdconsultants.de\/wp-content\/uploads\/2020\/11\/Kassera-1n.jpg\" alt=\"\" width=\"591\" height=\"709\" srcset=\"https:\/\/www.cfdconsultants.de\/wp\/wp-content\/uploads\/2020\/11\/Kassera-1n.jpg 591w, https:\/\/www.cfdconsultants.de\/wp\/wp-content\/uploads\/2020\/11\/Kassera-1n-250x300.jpg 250w, https:\/\/www.cfdconsultants.de\/wp\/wp-content\/uploads\/2020\/11\/Kassera-1n-588x705.jpg 588w\" sizes=\"(max-width: 591px) 100vw, 591px\" \/><\/p>\n<p>Gr\u00fcnder, Gesellschafter, Gesch\u00e4ftsf\u00fchrer<\/p>\n<p><strong>Unser Experte f\u00fcr:<br \/>\n<\/strong>Luft- und Raumfahrttechnik<br \/>\nRegenerative Energietechnik<br \/>\nMaschinen- und Apparatebau<br \/>\nFahrzeugtechnik<\/p>\n<\/div><\/section><section class='slide-entry av-24iv8v-91f598d150bf472a637fafe58c8f119a flex_column av_one_half post-entry slide-entry-overview slide-loop-2 slide-parity-even  post-entry-last  '  itemscope=\"itemscope\" itemtype=\"https:\/\/schema.org\/CreativeWork\" ><h3 class='slide-entry-title entry-title '  itemprop=\"headline\" >Dirk Ortlieb<\/h3><div class='slide-entry-excerpt entry-content'  itemprop=\"text\" ><p><img loading=\"lazy\" class=\"alignnone wp-image-5025 size-full\" src=\"https:\/\/www.cfdconsultants.de\/wp-content\/uploads\/2020\/11\/Ortlieb-1n.jpg\" alt=\"\" width=\"591\" height=\"709\" srcset=\"https:\/\/www.cfdconsultants.de\/wp\/wp-content\/uploads\/2020\/11\/Ortlieb-1n.jpg 591w, https:\/\/www.cfdconsultants.de\/wp\/wp-content\/uploads\/2020\/11\/Ortlieb-1n-250x300.jpg 250w, https:\/\/www.cfdconsultants.de\/wp\/wp-content\/uploads\/2020\/11\/Ortlieb-1n-588x705.jpg 588w\" sizes=\"(max-width: 591px) 100vw, 591px\" \/><br \/>\nGesellschafter, Gesch\u00e4ftsf\u00fchrer<\/p>\n<p><strong>Unser Experte f\u00fcr:<br \/>\n<\/strong>Verfahrens- und Anlagentechnik<br \/>\nMaschinen- und Apparatebau<br \/>\nMedizintechnik<br \/>\nPharma- und Lebensmitteltechnik<br \/>\nHydraulik und Fluidtechnik<\/p>\n<\/div><\/section><\/div><\/div><\/div><br \/>\n<div   data-autoplay='true'  data-interval='5'  data-animation='slide'  data-show_slide_delay='30'  class='avia-content-slider-element-container av-cnmuen-5bf9b034771659597d2650b56b8cecf1 avia-content-slider-element-slider avia-content-slider avia-smallarrow-slider avia-content-slider-active avia-content-slider-odd  avia-builder-el-23  el_after_av_content_slider  avia-builder-el-last  avia-content-slider2'><div class='avia-smallarrow-slider-heading  no-content-slider-heading '><div class='new-special-heading'>&nbsp;<\/div><\/div><div class=\"avia-content-slider-inner\"><div class=\"slide-entry-wrap\"><section class='slide-entry av-1y4ghr-4d0dec82f5f0286138f12431797aaa97 flex_column av_fullwidth post-entry slide-entry-overview slide-loop-1 slide-parity-odd  post-entry-last  first'  itemscope=\"itemscope\" itemtype=\"https:\/\/schema.org\/CreativeWork\" ><div class='slide-entry-excerpt entry-content'  itemprop=\"text\" ><p><img loading=\"lazy\" class=\"alignnone size-full wp-image-5019\" src=\"https:\/\/www.cfdconsultants.de\/wp-content\/uploads\/2020\/11\/Gartenstrasse_Neckaransicht_1000.jpg\" alt=\"\" width=\"1000\" height=\"666\" srcset=\"https:\/\/www.cfdconsultants.de\/wp\/wp-content\/uploads\/2020\/11\/Gartenstrasse_Neckaransicht_1000.jpg 1000w, https:\/\/www.cfdconsultants.de\/wp\/wp-content\/uploads\/2020\/11\/Gartenstrasse_Neckaransicht_1000-300x200.jpg 300w, https:\/\/www.cfdconsultants.de\/wp\/wp-content\/uploads\/2020\/11\/Gartenstrasse_Neckaransicht_1000-705x470.jpg 705w\" sizes=\"(max-width: 1000px) 100vw, 1000px\" \/><\/p>\n<\/div><\/section><\/div><\/div><\/div><\/p><\/div>\n","protected":false},"excerpt":{"rendered":"","protected":false},"author":1,"featured_media":0,"parent":0,"menu_order":3,"comment_status":"open","ping_status":"closed","template":"","meta":[],"_links":{"self":[{"href":"https:\/\/www.cfdconsultants.de\/wp\/wp-json\/wp\/v2\/pages\/1119"}],"collection":[{"href":"https:\/\/www.cfdconsultants.de\/wp\/wp-json\/wp\/v2\/pages"}],"about":[{"href":"https:\/\/www.cfdconsultants.de\/wp\/wp-json\/wp\/v2\/types\/page"}],"author":[{"embeddable":true,"href":"https:\/\/www.cfdconsultants.de\/wp\/wp-json\/wp\/v2\/users\/1"}],"replies":[{"embeddable":true,"href":"https:\/\/www.cfdconsultants.de\/wp\/wp-json\/wp\/v2\/comments?post=1119"}],"version-history":[{"count":78,"href":"https:\/\/www.cfdconsultants.de\/wp\/wp-json\/wp\/v2\/pages\/1119\/revisions"}],"predecessor-version":[{"id":5967,"href":"https:\/\/www.cfdconsultants.de\/wp\/wp-json\/wp\/v2\/pages\/1119\/revisions\/5967"}],"wp:attachment":[{"href":"https:\/\/www.cfdconsultants.de\/wp\/wp-json\/wp\/v2\/media?parent=1119"}],"curies":[{"name":"wp","href":"https:\/\/api.w.org\/{rel}","templated":true}]}}