{"id":4324,"date":"2020-01-24T10:56:30","date_gmt":"2020-01-24T09:56:30","guid":{"rendered":"https:\/\/www.cfdconsultants.de\/?page_id=4324"},"modified":"2020-01-24T11:08:13","modified_gmt":"2020-01-24T10:08:13","slug":"l-netzwerk","status":"publish","type":"page","link":"https:\/\/www.cfdconsultants.de\/wp\/leistungen\/l-netzwerk\/","title":{"rendered":"Netzwerk"},"content":{"rendered":"<section class=\"av_textblock_section \">\n<div class=\"avia_textblock  \">\n<h3 id=\"hotspot04\" class=\"_mPS2id-t mPS2id-target\"><strong>Netzwerk von Partnern<\/strong><\/h3>\n<\/div>\n<\/section>\n<section class=\"av_textblock_section \">\n<div class=\"avia_textblock  \">\n<p>Aufgrund unserer \u00fcber 20-j\u00e4hrigen Pr\u00e4senz am Markt verf\u00fcgen wir \u00fcber und ein breites, branchen\u00fcbergreifendes <a href=\"https:\/\/www.cfdconsultants.de\/netzwerk\/\">Netzwerk<\/a>. Wir sind eingebunden in zahlreiche Forschungsprojekte mit Hochschulen und besitzen exzellente Kontakte zu CFD Softwareherstellen und Unternehmensberatungen. Dadurch sind wir in der Lage, unsere Kunden bei der Entwicklung marktf\u00e4higer Produkte zu unterst\u00fctzen.<\/p>\n<\/div>\n<\/section>\n","protected":false},"excerpt":{"rendered":"<p>Netzwerk von Partnern Aufgrund unserer \u00fcber 20-j\u00e4hrigen Pr\u00e4senz am Markt verf\u00fcgen wir \u00fcber und ein breites, branchen\u00fcbergreifendes Netzwerk. Wir sind eingebunden in zahlreiche Forschungsprojekte mit Hochschulen und besitzen exzellente Kontakte zu CFD Softwareherstellen und Unternehmensberatungen. Dadurch sind wir in der Lage, unsere Kunden bei der Entwicklung marktf\u00e4higer Produkte zu unterst\u00fctzen.<\/p>\n","protected":false},"author":1,"featured_media":0,"parent":2145,"menu_order":0,"comment_status":"closed","ping_status":"closed","template":"template-blank.php","meta":[],"_links":{"self":[{"href":"https:\/\/www.cfdconsultants.de\/wp\/wp-json\/wp\/v2\/pages\/4324"}],"collection":[{"href":"https:\/\/www.cfdconsultants.de\/wp\/wp-json\/wp\/v2\/pages"}],"about":[{"href":"https:\/\/www.cfdconsultants.de\/wp\/wp-json\/wp\/v2\/types\/page"}],"author":[{"embeddable":true,"href":"https:\/\/www.cfdconsultants.de\/wp\/wp-json\/wp\/v2\/users\/1"}],"replies":[{"embeddable":true,"href":"https:\/\/www.cfdconsultants.de\/wp\/wp-json\/wp\/v2\/comments?post=4324"}],"version-history":[{"count":2,"href":"https:\/\/www.cfdconsultants.de\/wp\/wp-json\/wp\/v2\/pages\/4324\/revisions"}],"predecessor-version":[{"id":4326,"href":"https:\/\/www.cfdconsultants.de\/wp\/wp-json\/wp\/v2\/pages\/4324\/revisions\/4326"}],"up":[{"embeddable":true,"href":"https:\/\/www.cfdconsultants.de\/wp\/wp-json\/wp\/v2\/pages\/2145"}],"wp:attachment":[{"href":"https:\/\/www.cfdconsultants.de\/wp\/wp-json\/wp\/v2\/media?parent=4324"}],"curies":[{"name":"wp","href":"https:\/\/api.w.org\/{rel}","templated":true}]}}